{"id":1120,"date":"2025-07-10T14:57:59","date_gmt":"2025-07-10T14:57:59","guid":{"rendered":"https:\/\/wfcom.com.br\/termos-de-utilizacao\/"},"modified":"2025-09-21T11:36:33","modified_gmt":"2025-09-21T11:36:33","slug":"termos-de-utilizacao","status":"publish","type":"page","link":"https:\/\/wfcom.com.br\/pt-pt\/termos-de-utilizacao\/","title":{"rendered":"Termos de utiliza\u00e7\u00e3o"},"content":{"rendered":"\t\t<div data-elementor-type=\"wp-page\" data-elementor-id=\"1120\" class=\"elementor elementor-1120 elementor-18\" data-elementor-post-type=\"page\">\n\t\t\t\t<div class=\"elementor-element elementor-element-58272a2 e-flex e-con-boxed e-con e-parent\" data-id=\"58272a2\" data-element_type=\"container\">\n\t\t\t\t\t<div class=\"e-con-inner\">\n\t\t\t\t<div class=\"elementor-element elementor-element-b912bf3 elementor-widget elementor-widget-text-editor\" data-id=\"b912bf3\" data-element_type=\"widget\" data-widget_type=\"text-editor.default\">\n\t\t\t\t\t\t\t\t\t<h1>1. Termos<\/h1><p>Ao aceder ao site <a href=\"https:\/\/wfcom.com.br\/pt-pt\/\">Wf-Com<\/a>, concorda em cumprir estes termos de servi\u00e7o, todas as leis e regulamentos aplic\u00e1veis e concorda que \u00e9 respons\u00e1vel pelo cumprimento de todas as leis locais aplic\u00e1veis. Se n\u00e3o concordar com algum destes termos, est\u00e1 proibido de usar ou aceder a este site. Os materiais contidos neste site s\u00e3o protegidos pelas leis de direitos de autor e marcas comerciais aplic\u00e1veis.  <\/p><h2>2. Uso de Licen\u00e7a<\/h2><p>\u00c9 concedida permiss\u00e3o para descarregar temporariamente uma c\u00f3pia dos materiais (informa\u00e7\u00f5es ou software) no site Wf-Com, apenas para visualiza\u00e7\u00e3o transit\u00f3ria pessoal e n\u00e3o comercial. Esta \u00e9 a concess\u00e3o de uma licen\u00e7a, n\u00e3o uma transfer\u00eancia de t\u00edtulo e, sob esta licen\u00e7a, n\u00e3o pode:  <\/p><ol><li>modificar ou copiar os materiais; <\/li><li>usar os materiais para qualquer finalidade comercial ou para exibi\u00e7\u00e3o p\u00fablica (comercial ou n\u00e3o comercial); <\/li><li>tentar descompilar ou fazer engenharia reversa de qualquer software contido no site Wf-Com; <\/li><li>remover quaisquer direitos de autor ou outras nota\u00e7\u00f5es de propriedade dos materiais; ou <\/li><li>transferir os materiais para outra pessoa ou &#8216;espelhar&#8217; os materiais em qualquer outro servidor.<\/li><\/ol><p>Esta licen\u00e7a ser\u00e1 automaticamente rescindida se violar alguma destas restri\u00e7\u00f5es e poder\u00e1 ser rescindida por Wf-Com a qualquer momento. Ao encerrar a visualiza\u00e7\u00e3o destes materiais ou ap\u00f3s o t\u00e9rmino desta licen\u00e7a, deve apagar todos os materiais descarregados na sua posse, seja em formato eletr\u00f3nico ou impresso. <\/p><h2>3. Isen\u00e7\u00e3o de responsabilidade<\/h2><ol><li>Os materiais no site da Wf-Com s\u00e3o fornecidos &#8216;tal como est\u00e3o&#8217;. Wf-Com n\u00e3o oferece garantias, expressas ou impl\u00edcitas, e, por este meio, isenta e nega todas as outras garantias, incluindo, sem limita\u00e7\u00e3o, garantias impl\u00edcitas ou condi\u00e7\u00f5es de comercializa\u00e7\u00e3o, adequa\u00e7\u00e3o a um fim espec\u00edfico ou n\u00e3o viola\u00e7\u00e3o de propriedade intelectual ou outra viola\u00e7\u00e3o de direitos. <\/li><li>Al\u00e9m disso, o Wf-Com n\u00e3o garante ou faz qualquer representa\u00e7\u00e3o relativa \u00e0 precis\u00e3o, aos resultados prov\u00e1veis ou \u00e0 confiabilidade do uso dos materiais no seu site ou de outra forma relacionado a esses materiais ou em sites vinculados a este site.<\/li><\/ol><h2>4. Limita\u00e7\u00f5es<\/h2><p>Em nenhum caso o Wf-Com ou seus fornecedores ser\u00e3o respons\u00e1veis por quaisquer danos (incluindo, sem limita\u00e7\u00e3o, danos por perda de dados ou lucro ou devido a interrup\u00e7\u00e3o dos neg\u00f3cios) decorrentes do uso ou da incapacidade de usar os materiais em Wf-Com, mesmo que Wf-Com ou um representante autorizado da Wf-Com tenha sido notificado oralmente ou por escrito da possibilidade de tais danos. Como algumas jurisdi\u00e7\u00f5es n\u00e3o permitem limita\u00e7\u00f5es em garantias impl\u00edcitas, ou limita\u00e7\u00f5es de responsabilidade por danos consequentes ou incidentais, essas limita\u00e7\u00f5es podem n\u00e3o se aplicar a si. <\/p><h2>5. Precis\u00e3o dos materiais<\/h2><p>Os materiais exibidos no site da Wf-Com podem incluir erros t\u00e9cnicos, tipogr\u00e1ficos ou fotogr\u00e1ficos. Wf-Com n\u00e3o garante que qualquer material no seu site seja preciso, completo ou atual. Wf-Com pode fazer altera\u00e7\u00f5es nos materiais contidos no seu site a qualquer momento, sem aviso pr\u00e9vio. No entanto, Wf-Com n\u00e3o se compromete a atualizar os materiais.   <\/p><h2>6. Links<\/h2><p>O Wf-Com n\u00e3o analisou todos os sites vinculados ao seu site e n\u00e3o \u00e9 respons\u00e1vel pelo conte\u00fado de nenhum site vinculado. A inclus\u00e3o de qualquer link n\u00e3o implica endosso por Wf-Com do site. O uso de qualquer site vinculado \u00e9 por conta e risco do utilizador.  <\/p><h3>Modifica\u00e7\u00f5es<\/h3><p>O Wf-Com pode rever estes termos de servi\u00e7o do site a qualquer momento, sem aviso pr\u00e9vio. Ao usar este site, concorda em ficar vinculado \u00e0 vers\u00e3o atual destes termos de servi\u00e7o. <\/p><h3>Lei aplic\u00e1vel<\/h3><p>Estes termos e condi\u00e7\u00f5es s\u00e3o regidos e interpretados de acordo com as leis do Wf-Com e submete-se irrevogavelmente \u00e0 jurisdi\u00e7\u00e3o exclusiva dos tribunais naquele estado ou localidade.<\/p>\t\t\t\t\t\t\t\t<\/div>\n\t\t\t\t\t<\/div>\n\t\t\t\t<\/div>\n\t\t\t\t<\/div>\n\t\t","protected":false},"excerpt":{"rendered":"<p>1. Termos Ao aceder ao site Wf-Com, concorda em cumprir estes termos de servi\u00e7o, todas as leis e regulamentos aplic\u00e1veis e concorda que \u00e9 respons\u00e1vel pelo cumprimento de todas as leis locais aplic\u00e1veis. Se n\u00e3o concordar com algum destes termos, est\u00e1 proibido de usar ou aceder a este site. Os materiais contidos neste site s\u00e3o [&hellip;]<\/p>\n","protected":false},"author":1,"featured_media":0,"parent":0,"menu_order":0,"comment_status":"closed","ping_status":"closed","template":"elementor_header_footer","meta":{"footnotes":""},"class_list":["post-1120","page","type-page","status-publish","hentry"],"_links":{"self":[{"href":"https:\/\/wfcom.com.br\/pt-pt\/wp-json\/wp\/v2\/pages\/1120","targetHints":{"allow":["GET"]}}],"collection":[{"href":"https:\/\/wfcom.com.br\/pt-pt\/wp-json\/wp\/v2\/pages"}],"about":[{"href":"https:\/\/wfcom.com.br\/pt-pt\/wp-json\/wp\/v2\/types\/page"}],"author":[{"embeddable":true,"href":"https:\/\/wfcom.com.br\/pt-pt\/wp-json\/wp\/v2\/users\/1"}],"replies":[{"embeddable":true,"href":"https:\/\/wfcom.com.br\/pt-pt\/wp-json\/wp\/v2\/comments?post=1120"}],"version-history":[{"count":1,"href":"https:\/\/wfcom.com.br\/pt-pt\/wp-json\/wp\/v2\/pages\/1120\/revisions"}],"predecessor-version":[{"id":1121,"href":"https:\/\/wfcom.com.br\/pt-pt\/wp-json\/wp\/v2\/pages\/1120\/revisions\/1121"}],"wp:attachment":[{"href":"https:\/\/wfcom.com.br\/pt-pt\/wp-json\/wp\/v2\/media?parent=1120"}],"curies":[{"name":"wp","href":"https:\/\/api.w.org\/{rel}","templated":true}]}}