{"id":1115,"date":"2025-09-02T12:30:48","date_gmt":"2025-09-02T12:30:48","guid":{"rendered":"https:\/\/wfcom.com.br\/politica-de-cookies\/"},"modified":"2025-09-21T11:36:25","modified_gmt":"2025-09-21T11:36:25","slug":"politica-de-cookies","status":"publish","type":"page","link":"https:\/\/wfcom.com.br\/pt-pt\/politica-de-cookies\/","title":{"rendered":"Pol\u00edtica de Cookies"},"content":{"rendered":"\t\t<div data-elementor-type=\"wp-page\" data-elementor-id=\"1115\" class=\"elementor elementor-1115 elementor-942\" data-elementor-post-type=\"page\">\n\t\t\t\t<div class=\"elementor-element elementor-element-c948181 e-flex e-con-boxed e-con e-parent\" data-id=\"c948181\" data-element_type=\"container\">\n\t\t\t\t\t<div class=\"e-con-inner\">\n\t\t\t\t<div class=\"elementor-element elementor-element-54599e9 elementor-widget elementor-widget-text-editor\" data-id=\"54599e9\" data-element_type=\"widget\" data-widget_type=\"text-editor.default\">\n\t\t\t\t\t\t\t\t\t<h1 data-start=\"107\" data-end=\"142\">Pol\u00edtica de Cookies<\/h1>\n<h3 data-start=\"144\" data-end=\"171\">1. O que s\u00e3o Cookies?<\/h3>\n<p data-start=\"172\" data-end=\"394\">Cookies s\u00e3o pequenos arquivos de texto armazenados no seu navegador quando voc\u00ea visita um site. Eles ajudam a melhorar sua experi\u00eancia, lembrando suas prefer\u00eancias, analisando o uso do site e exibindo conte\u00fado relevante.<\/p>\n<h3 data-start=\"401\" data-end=\"432\">&nbsp;<\/h3>\n<h3 data-start=\"401\" data-end=\"432\">2. Como usamos os Cookies<\/h3>\n<p data-start=\"433\" data-end=\"497\">Na <strong data-start=\"436\" data-end=\"446\">Wf-Com<\/strong> (<a class=\"decorated-link\" href=\"https:\/\/wfcom.com.br?utm_source=chatgpt.com\" target=\"_new\" rel=\"noopener\" data-start=\"448\" data-end=\"468\">https:\/\/wfcom.com.br<\/a>), utilizamos cookies para:<\/p>\n<ul data-start=\"498\" data-end=\"835\">\n<li data-start=\"498\" data-end=\"558\">\n<p data-start=\"500\" data-end=\"558\"><strong data-start=\"500\" data-end=\"514\">Essenciais<\/strong>: garantem o funcionamento b\u00e1sico do site.<\/p>\n<\/li>\n<li data-start=\"559\" data-end=\"674\">\n<p data-start=\"561\" data-end=\"674\"><strong data-start=\"561\" data-end=\"575\">Desempenho<\/strong>: coletam informa\u00e7\u00f5es sobre como os visitantes utilizam nosso site (ex.: p\u00e1ginas mais acessadas).<\/p>\n<\/li>\n<li data-start=\"675\" data-end=\"741\">\n<p data-start=\"677\" data-end=\"741\"><strong data-start=\"677\" data-end=\"695\">Funcionalidade<\/strong>: lembram prefer\u00eancias como idioma e regi\u00e3o.<\/p>\n<\/li>\n<li data-start=\"742\" data-end=\"835\">\n<p data-start=\"744\" data-end=\"835\"><strong data-start=\"744\" data-end=\"769\">Marketing\/Publicidade<\/strong>: ajudam a exibir an\u00fancios e conte\u00fados relevantes ao seu perfil.<\/p>\n<\/li>\n<\/ul>\n<h3 data-start=\"842\" data-end=\"871\">&nbsp;<\/h3>\n<h3 data-start=\"842\" data-end=\"871\">3. Cookies de Terceiros<\/h3>\n<p data-start=\"872\" data-end=\"1088\">Podemos permitir que parceiros, como <strong data-start=\"909\" data-end=\"947\">Google e Meta (Facebook\/Instagram)<\/strong>, utilizem cookies para an\u00e1lise e publicidade. Esses cookies s\u00e3o gerenciados por terceiros e seguem suas pr\u00f3prias pol\u00edticas de privacidade.<\/p>\n<h3 data-start=\"1095\" data-end=\"1128\">4. Gerenciamento de Cookies<\/h3>\n<p data-start=\"1129\" data-end=\"1302\">Voc\u00ea pode gerenciar ou desativar os cookies diretamente nas configura\u00e7\u00f5es do seu navegador. No entanto, isso pode impactar a experi\u00eancia e algumas funcionalidades do site.<\/p>\n<p data-start=\"1129\" data-end=\"1302\">\n<\/p><h3 data-start=\"1309\" data-end=\"1339\">5. Base Legal para o Uso<\/h3>\n<p data-start=\"1340\" data-end=\"1565\">O uso de cookies \u00e9 fundamentado no seu <strong data-start=\"1379\" data-end=\"1396\">consentimento<\/strong>, conforme a <strong data-start=\"1409\" data-end=\"1450\">Lei Geral de Prote\u00e7\u00e3o de Dados (LGPD)<\/strong>.<br data-start=\"1451\" data-end=\"1454\">Ao navegar em nosso site, voc\u00ea concorda com o uso de cookies, podendo alterar sua escolha a qualquer momento.<\/p>\n<h3 data-start=\"1572\" data-end=\"1606\">6. Altera\u00e7\u00f5es desta Pol\u00edtica<\/h3>\n<p data-start=\"1607\" data-end=\"1754\">Podemos atualizar esta Pol\u00edtica de Cookies periodicamente. Recomendamos revisar esta p\u00e1gina regularmente para estar ciente de poss\u00edveis mudan\u00e7as.<\/p>\n<h3 data-start=\"1761\" data-end=\"1777\">7. Contato<\/h3>\n<p data-start=\"1778\" data-end=\"1881\">Em caso de d\u00favidas ou solicita\u00e7\u00f5es relacionadas a esta Pol\u00edtica de Cookies, entre em contato conosco:<\/p>\n<p data-start=\"1883\" data-end=\"1970\"><img decoding=\"async\" draggable=\"false\" role=\"img\" class=\"emoji\" alt=\"\ud83d\udce7\" src=\"https:\/\/s.w.org\/images\/core\/emoji\/16.0.1\/svg\/1f4e7.svg\"> <strong data-start=\"1886\" data-end=\"1909\"><a class=\"decorated-link cursor-pointer\" rel=\"noopener\" data-start=\"1888\" data-end=\"1907\">wf@worldflex.com.br<\/a><\/strong><br data-start=\"1909\" data-end=\"1912\"><img decoding=\"async\" draggable=\"false\" role=\"img\" class=\"emoji\" alt=\"\ud83d\udcde\" src=\"https:\/\/s.w.org\/images\/core\/emoji\/16.0.1\/svg\/1f4de.svg\"> <strong data-start=\"1915\" data-end=\"1938\">+55 (99) 99160-0974<\/strong><br data-start=\"1938\" data-end=\"1941\"><img decoding=\"async\" draggable=\"false\" role=\"img\" class=\"emoji\" alt=\"\ud83c\udf10\" src=\"https:\/\/s.w.org\/images\/core\/emoji\/16.0.1\/svg\/1f310.svg\"> <strong data-start=\"1944\" data-end=\"1968\"><a class=\"decorated-link\" href=\"https:\/\/wfcom.com.br?utm_source=chatgpt.com\" target=\"_new\" rel=\"noopener\" data-start=\"1946\" data-end=\"1966\">https:\/\/wfcom.com.br<\/a><\/strong><\/p>\t\t\t\t\t\t\t\t<\/div>\n\t\t\t\t\t<\/div>\n\t\t\t\t<\/div>\n\t\t\t\t<\/div>\n\t\t","protected":false},"excerpt":{"rendered":"","protected":false},"author":1,"featured_media":0,"parent":0,"menu_order":0,"comment_status":"closed","ping_status":"closed","template":"elementor_header_footer","meta":{"footnotes":""},"class_list":["post-1115","page","type-page","status-publish","hentry"],"_links":{"self":[{"href":"https:\/\/wfcom.com.br\/pt-pt\/wp-json\/wp\/v2\/pages\/1115","targetHints":{"allow":["GET"]}}],"collection":[{"href":"https:\/\/wfcom.com.br\/pt-pt\/wp-json\/wp\/v2\/pages"}],"about":[{"href":"https:\/\/wfcom.com.br\/pt-pt\/wp-json\/wp\/v2\/types\/page"}],"author":[{"embeddable":true,"href":"https:\/\/wfcom.com.br\/pt-pt\/wp-json\/wp\/v2\/users\/1"}],"replies":[{"embeddable":true,"href":"https:\/\/wfcom.com.br\/pt-pt\/wp-json\/wp\/v2\/comments?post=1115"}],"version-history":[{"count":1,"href":"https:\/\/wfcom.com.br\/pt-pt\/wp-json\/wp\/v2\/pages\/1115\/revisions"}],"predecessor-version":[{"id":1116,"href":"https:\/\/wfcom.com.br\/pt-pt\/wp-json\/wp\/v2\/pages\/1115\/revisions\/1116"}],"wp:attachment":[{"href":"https:\/\/wfcom.com.br\/pt-pt\/wp-json\/wp\/v2\/media?parent=1115"}],"curies":[{"name":"wp","href":"https:\/\/api.w.org\/{rel}","templated":true}]}}