{"id":1060,"date":"2025-07-10T14:57:38","date_gmt":"2025-07-10T14:57:38","guid":{"rendered":"https:\/\/wfcom.com.br\/politica-de-privacidad\/"},"modified":"2025-09-21T11:30:26","modified_gmt":"2025-09-21T11:30:26","slug":"politica-de-privacidad","status":"publish","type":"page","link":"https:\/\/wfcom.com.br\/es\/politica-de-privacidad\/","title":{"rendered":"Pol\u00edtica de privacidad"},"content":{"rendered":"\t\t<div data-elementor-type=\"wp-page\" data-elementor-id=\"1060\" class=\"elementor elementor-1060 elementor-15\" data-elementor-post-type=\"page\">\n\t\t\t\t<div class=\"elementor-element elementor-element-582385e e-flex e-con-boxed e-con e-parent\" data-id=\"582385e\" data-element_type=\"container\">\n\t\t\t\t\t<div class=\"e-con-inner\">\n\t\t\t\t<div class=\"elementor-element elementor-element-1e681ae elementor-widget elementor-widget-text-editor\" data-id=\"1e681ae\" data-element_type=\"widget\" data-widget_type=\"text-editor.default\">\n\t\t\t\t\t\t\t\t\t<h1>Pol\u00edtica de Privacidad<\/h1><p>Tu privacidad es importante para nosotros. Es pol\u00edtica de Wf-Com respetar tu privacidad en relaci\u00f3n con cualquier informaci\u00f3n tuya que podamos recopilar en el sitio <a href=\"https:\/\/wfcom.com.br\/es\/\">Wf-Com<\/a>, y otros sitios que poseemos y operamos.<\/p><p>Solicitamos informaci\u00f3n personal solo cuando realmente la necesitamos para proporcionarte un servicio. Lo hacemos por medios justos y legales, con tu conocimiento y consentimiento. Tambi\u00e9n informamos por qu\u00e9 estamos recopilando y c\u00f3mo ser\u00e1 utilizada.<\/p><p>Solo conservamos la informaci\u00f3n recopilada durante el tiempo necesario para proporcionar el servicio solicitado. Cuando almacenamos datos, los protegemos dentro de medios comercialmente aceptables para evitar p\u00e9rdidas y robos, as\u00ed como acceso, divulgaci\u00f3n, copia, uso o modificaci\u00f3n no autorizados.<\/p><p>No compartimos informaci\u00f3n de identificaci\u00f3n personal p\u00fablicamente o con terceros, excepto cuando sea exigido por ley.<\/p><p>Nuestro sitio puede tener enlaces a sitios externos que no son operados por nosotros. Ten en cuenta que no tenemos control sobre el contenido y pr\u00e1cticas de esos sitios y no podemos aceptar responsabilidad por sus respectivas <a href=\"https:\/\/politicaprivacidade.com\/\" target=\"_blank\" rel=\"noopener noreferrer\">pol\u00edticas de privacidad<\/a>.<\/p><p>Eres libre de rechazar nuestra solicitud de informaci\u00f3n personal, entendiendo que tal vez no podamos proporcionar algunos de los servicios deseados.<\/p><p>El uso continuado de nuestro sitio ser\u00e1 considerado como aceptaci\u00f3n de nuestras pr\u00e1cticas en torno a privacidad e informaci\u00f3n personal. Si tienes alguna duda sobre c\u00f3mo manejamos datos del usuario e informaci\u00f3n personal, ponte en contacto con nosotros.<\/p><ul><li>El servicio Google AdSense que usamos para mostrar publicidad utiliza una cookie DoubleClick para mostrar anuncios m\u00e1s relevantes en toda la Web y limitar el n\u00famero de veces que un determinado anuncio se muestra.<\/li><li>Para m\u00e1s informaci\u00f3n sobre Google AdSense, consulta las FAQ oficiales sobre privacidad de Google AdSense.<\/li><li>Utilizamos anuncios para compensar los costes de funcionamiento de este sitio y proporcionar financiaci\u00f3n para futuros desarrollos. Las cookies de publicidad comportamental utilizadas por este sitio han sido dise\u00f1adas para garantizar que recibas los anuncios m\u00e1s relevantes siempre que sea posible, rastreando an\u00f3nimamente tus intereses y presentando cosas similares que puedan ser de tu inter\u00e9s.<\/li><li>Varios socios anuncian en nuestro nombre y las cookies de seguimiento de afiliados simplemente nos permiten ver si nuestros clientes accedieron al sitio a trav\u00e9s de uno de los sitios de nuestros socios, para que podamos acreditarles adecuadamente y, cuando sea aplicable, permitir que nuestros socios afiliados ofrezcan cualquier promoci\u00f3n que pueda proporcionarte para hacer una compra.<\/li><\/ul><h3>Compromiso del Usuario<\/h3><p>El usuario se compromete a hacer uso adecuado de los contenidos y de la informaci\u00f3n que Wf-Com ofrece en el sitio y con car\u00e1cter enunciativo, pero no limitativo:<\/p><ul><li>A) No participar en actividades que sean ilegales o contrarias a la buena fe y al orden p\u00fablico;<\/li><li>B) No difundir propaganda o contenido de naturaleza racista, xen\u00f3foba, juegos de suerte o azar, cualquier tipo de pornograf\u00eda ilegal, de apolog\u00eda al terrorismo o contra los derechos humanos;<\/li><li>C) No causar da\u00f1os a los sistemas f\u00edsicos (hardware) y l\u00f3gicos (software) de Wf-Com, de sus proveedores o terceros, para introducir o diseminar virus inform\u00e1ticos o cualesquiera otros sistemas de hardware o software que sean capaces de causar da\u00f1os anteriormente mencionados.<\/li><\/ul><h3>M\u00e1s informaci\u00f3n<\/h3><p>Esperamos que est\u00e9 aclarado y, como se mencion\u00f3 anteriormente, si hay algo de lo que no est\u00e1s seguro si necesitas o no, generalmente es m\u00e1s seguro dejar las cookies activadas, en caso de que interact\u00fae con una de las funciones que usas en nuestro sitio.<\/p>\t\t\t\t\t\t\t\t<\/div>\n\t\t\t\t\t<\/div>\n\t\t\t\t<\/div>\n\t\t\t\t<\/div>\n\t\t","protected":false},"excerpt":{"rendered":"<p>Pol\u00edtica de Privacidad Tu privacidad es importante para nosotros. Es pol\u00edtica de Wf-Com respetar tu privacidad en relaci\u00f3n con cualquier informaci\u00f3n tuya que podamos recopilar en el sitio Wf-Com, y otros sitios que poseemos y operamos. Solicitamos informaci\u00f3n personal solo cuando realmente la necesitamos para proporcionarte un servicio. Lo hacemos por medios justos y legales, [&hellip;]<\/p>\n","protected":false},"author":1,"featured_media":0,"parent":0,"menu_order":0,"comment_status":"closed","ping_status":"closed","template":"elementor_canvas","meta":{"footnotes":""},"class_list":["post-1060","page","type-page","status-publish","hentry"],"_links":{"self":[{"href":"https:\/\/wfcom.com.br\/es\/wp-json\/wp\/v2\/pages\/1060","targetHints":{"allow":["GET"]}}],"collection":[{"href":"https:\/\/wfcom.com.br\/es\/wp-json\/wp\/v2\/pages"}],"about":[{"href":"https:\/\/wfcom.com.br\/es\/wp-json\/wp\/v2\/types\/page"}],"author":[{"embeddable":true,"href":"https:\/\/wfcom.com.br\/es\/wp-json\/wp\/v2\/users\/1"}],"replies":[{"embeddable":true,"href":"https:\/\/wfcom.com.br\/es\/wp-json\/wp\/v2\/comments?post=1060"}],"version-history":[{"count":1,"href":"https:\/\/wfcom.com.br\/es\/wp-json\/wp\/v2\/pages\/1060\/revisions"}],"predecessor-version":[{"id":1062,"href":"https:\/\/wfcom.com.br\/es\/wp-json\/wp\/v2\/pages\/1060\/revisions\/1062"}],"wp:attachment":[{"href":"https:\/\/wfcom.com.br\/es\/wp-json\/wp\/v2\/media?parent=1060"}],"curies":[{"name":"wp","href":"https:\/\/api.w.org\/{rel}","templated":true}]}}