{"id":1057,"date":"2025-07-10T14:57:59","date_gmt":"2025-07-10T14:57:59","guid":{"rendered":"https:\/\/wfcom.com.br\/terminos-de-uso\/"},"modified":"2025-09-21T11:30:19","modified_gmt":"2025-09-21T11:30:19","slug":"terminos-de-uso","status":"publish","type":"page","link":"https:\/\/wfcom.com.br\/es\/terminos-de-uso\/","title":{"rendered":"T\u00e9rminos de uso"},"content":{"rendered":"\t\t<div data-elementor-type=\"wp-page\" data-elementor-id=\"1057\" class=\"elementor elementor-1057 elementor-18\" data-elementor-post-type=\"page\">\n\t\t\t\t<div class=\"elementor-element elementor-element-58272a2 e-flex e-con-boxed e-con e-parent\" data-id=\"58272a2\" data-element_type=\"container\">\n\t\t\t\t\t<div class=\"e-con-inner\">\n\t\t\t\t<div class=\"elementor-element elementor-element-b912bf3 elementor-widget elementor-widget-text-editor\" data-id=\"b912bf3\" data-element_type=\"widget\" data-widget_type=\"text-editor.default\">\n\t\t\t\t\t\t\t\t\t<h1>1. T\u00e9rminos<\/h1><p>Al acceder al sitio web <a href=\"https:\/\/wfcom.com.br\/es\/\">Wf-Com<\/a>, aceptas cumplir estos t\u00e9rminos de servicio, todas las leyes y reglamentos aplicables y aceptas que eres responsable del cumplimiento de todas las leyes locales aplicables. Si no est\u00e1s de acuerdo con alguno de estos t\u00e9rminos, tienes prohibido usar o acceder a este sitio web. Los materiales contenidos en este sitio web est\u00e1n protegidos por las leyes de derechos de autor y marcas comerciales aplicables.<\/p><h2>2. Uso de licencia<\/h2><p>Se concede permiso para descargar temporalmente una copia de los materiales (informaci\u00f3n o software) del sitio web Wf-Com, \u00fanicamente para visualizaci\u00f3n transitoria personal y no comercial. Esta es la concesi\u00f3n de una licencia, no una transferencia de t\u00edtulo y, bajo esta licencia, no puedes: <\/p><ol><li>modificar o copiar los materiales; <\/li><li>usar los materiales para cualquier finalidad comercial o para exhibici\u00f3n p\u00fablica (comercial o no comercial); <\/li><li>intentar descompilar o hacer ingenier\u00eda inversa de cualquier software contenido en el sitio web Wf-Com; <\/li><li>eliminar cualquier derecho de autor u otras notaciones de propiedad de los materiales; o <\/li><li>transferir los materiales a otra persona o \u2018replicar\u2019 los materiales en cualquier otro servidor.<\/li><\/ol><p>Esta licencia ser\u00e1 autom\u00e1ticamente rescindida si violas alguna de estas restricciones y podr\u00e1 ser rescindida por Wf-Com en cualquier momento. Al finalizar la visualizaci\u00f3n de estos materiales o tras la terminaci\u00f3n de esta licencia, debes eliminar todos los materiales descargados en tu posesi\u00f3n, ya sea en formato electr\u00f3nico o impreso.<\/p><h2>3. Exenci\u00f3n de responsabilidad<\/h2><ol><li>Los materiales del sitio web de Wf-Com se proporcionan \u2018tal como est\u00e1n\u2019. Wf-Com no ofrece garant\u00edas, expresas o impl\u00edcitas, y, por este medio, exime y niega todas las dem\u00e1s garant\u00edas, incluyendo, sin limitaci\u00f3n, garant\u00edas impl\u00edcitas o condiciones de comercializaci\u00f3n, idoneidad para un fin espec\u00edfico o no violaci\u00f3n de propiedad intelectual u otra violaci\u00f3n de derechos.<\/li><li>Adem\u00e1s, Wf-Com no garantiza ni hace ninguna declaraci\u00f3n relativa a la precisi\u00f3n, los resultados probables o la fiabilidad del uso de los materiales de su sitio web o de otra forma relacionada con estos materiales o en sitios web vinculados a este sitio.<\/li><\/ol><h2>4. Limitaciones<\/h2><p>En ning\u00fan caso Wf-Com o sus proveedores ser\u00e1n responsables de cualquier da\u00f1o (incluyendo, sin limitaci\u00f3n, da\u00f1os por p\u00e9rdida de datos o beneficios o debido a interrupci\u00f3n del negocio) derivados del uso o de la incapacidad de usar los materiales de Wf-Com, incluso si Wf-Com o un representante autorizado de Wf-Com ha sido notificado oralmente o por escrito de la posibilidad de tales da\u00f1os. Como algunas jurisdicciones no permiten limitaciones en garant\u00edas impl\u00edcitas, o limitaciones de responsabilidad por da\u00f1os consecuentes o incidentales, estas limitaciones pueden no aplicarse a ti.<\/p><h2>5. Precisi\u00f3n de los materiales<\/h2><p>Los materiales mostrados en el sitio web de Wf-Com pueden incluir errores t\u00e9cnicos, tipogr\u00e1ficos o fotogr\u00e1ficos. Wf-Com no garantiza que cualquier material de su sitio web sea preciso, completo o actual. Wf-Com puede hacer cambios en los materiales contenidos en su sitio web en cualquier momento, sin aviso previo. Sin embargo, Wf-Com no se compromete a actualizar los materiales.<\/p><h2>6. Enlaces<\/h2><p>Wf-Com no ha revisado todos los sitios web vinculados a su sitio y no es responsable del contenido de ning\u00fan sitio vinculado. La inclusi\u00f3n de cualquier enlace no implica respaldo por parte de Wf-Com del sitio web. El uso de cualquier sitio web vinculado es por cuenta y riesgo del usuario.<\/p><h3>Modificaciones<\/h3><p>Wf-Com puede revisar estos t\u00e9rminos de servicio del sitio web en cualquier momento, sin aviso previo. Al usar este sitio web, aceptas quedar vinculado a la versi\u00f3n actual de estos t\u00e9rminos de servicio.<\/p><h3>Ley aplicable<\/h3><p>Estos t\u00e9rminos y condiciones se rigen e interpretan de acuerdo con las leyes de Wf-Com y te sometes irrevocablemente a la jurisdicci\u00f3n exclusiva de los tribunales de ese estado o localidad.<\/p>\t\t\t\t\t\t\t\t<\/div>\n\t\t\t\t\t<\/div>\n\t\t\t\t<\/div>\n\t\t\t\t<\/div>\n\t\t","protected":false},"excerpt":{"rendered":"<p>1. T\u00e9rminos Al acceder al sitio web Wf-Com, aceptas cumplir estos t\u00e9rminos de servicio, todas las leyes y reglamentos aplicables y aceptas que eres responsable del cumplimiento de todas las leyes locales aplicables. Si no est\u00e1s de acuerdo con alguno de estos t\u00e9rminos, tienes prohibido usar o acceder a este sitio web. Los materiales contenidos [&hellip;]<\/p>\n","protected":false},"author":1,"featured_media":0,"parent":0,"menu_order":0,"comment_status":"closed","ping_status":"closed","template":"elementor_header_footer","meta":{"footnotes":""},"class_list":["post-1057","page","type-page","status-publish","hentry"],"_links":{"self":[{"href":"https:\/\/wfcom.com.br\/es\/wp-json\/wp\/v2\/pages\/1057","targetHints":{"allow":["GET"]}}],"collection":[{"href":"https:\/\/wfcom.com.br\/es\/wp-json\/wp\/v2\/pages"}],"about":[{"href":"https:\/\/wfcom.com.br\/es\/wp-json\/wp\/v2\/types\/page"}],"author":[{"embeddable":true,"href":"https:\/\/wfcom.com.br\/es\/wp-json\/wp\/v2\/users\/1"}],"replies":[{"embeddable":true,"href":"https:\/\/wfcom.com.br\/es\/wp-json\/wp\/v2\/comments?post=1057"}],"version-history":[{"count":1,"href":"https:\/\/wfcom.com.br\/es\/wp-json\/wp\/v2\/pages\/1057\/revisions"}],"predecessor-version":[{"id":1058,"href":"https:\/\/wfcom.com.br\/es\/wp-json\/wp\/v2\/pages\/1057\/revisions\/1058"}],"wp:attachment":[{"href":"https:\/\/wfcom.com.br\/es\/wp-json\/wp\/v2\/media?parent=1057"}],"curies":[{"name":"wp","href":"https:\/\/api.w.org\/{rel}","templated":true}]}}